{"id":4279,"date":"2025-08-16T10:12:38","date_gmt":"2025-08-16T02:12:38","guid":{"rendered":"https:\/\/www.sztigerwong.com\/?post_type=product&#038;p=4279"},"modified":"2025-08-16T10:21:41","modified_gmt":"2025-08-16T02:21:41","slug":"tripod-turnstile-gate-tgw-tt020","status":"publish","type":"product","link":"https:\/\/www.sztigerwong.com\/de\/product\/tripod-turnstile-gate-tgw-tt020\/","title":{"rendered":"Verwendet an malerischen Orten, Schulen und anderen Orten, an denen eine strenge Kontrolle des Personalzugangs erforderlich ist."},"content":{"rendered":"","protected":false},"excerpt":{"rendered":"<p>TGW-TT020 ist ein Kanalmanagementger\u00e4t, das moderne industrielle \u00c4sthetik mit hoher Sicherheit verbindet. Es nimmt ein integriertes bogenf\u00f6rmiges Chassis-Design mit einem einfachen und eleganten Aussehen an und hat staubdichte, wasserdichte, schlagfeste und andere Eigenschaften. Es eignet sich f\u00fcr Orte mit hohen Anforderungen an \u00c4sthetik und Sicherheit wie U-Bahnen, Flugh\u00e4fen, High-End-B\u00fcrogeb\u00e4ude und malerische Orte und bietet effiziente und stabile L\u00f6sungen f\u00fcr das Personalzugangsmanagement.<\/p>\n<p>&nbsp;<\/p>","protected":false},"featured_media":4282,"comment_status":"closed","ping_status":"closed","template":"","meta":[],"product_brand":[],"product_cat":[54,19],"product_tag":[],"class_list":{"0":"post-4279","1":"product","2":"type-product","3":"status-publish","4":"has-post-thumbnail","6":"product_cat-tripod-turnstile-gate","7":"product_cat-turnstile-gate","9":"first","10":"instock","11":"shipping-taxable","12":"product-type-simple"},"_links":{"self":[{"href":"https:\/\/www.sztigerwong.com\/de\/wp-json\/wp\/v2\/product\/4279","targetHints":{"allow":["GET"]}}],"collection":[{"href":"https:\/\/www.sztigerwong.com\/de\/wp-json\/wp\/v2\/product"}],"about":[{"href":"https:\/\/www.sztigerwong.com\/de\/wp-json\/wp\/v2\/types\/product"}],"replies":[{"embeddable":true,"href":"https:\/\/www.sztigerwong.com\/de\/wp-json\/wp\/v2\/comments?post=4279"}],"wp:featuredmedia":[{"embeddable":true,"href":"https:\/\/www.sztigerwong.com\/de\/wp-json\/wp\/v2\/media\/4282"}],"wp:attachment":[{"href":"https:\/\/www.sztigerwong.com\/de\/wp-json\/wp\/v2\/media?parent=4279"}],"wp:term":[{"taxonomy":"product_brand","embeddable":true,"href":"https:\/\/www.sztigerwong.com\/de\/wp-json\/wp\/v2\/product_brand?post=4279"},{"taxonomy":"product_cat","embeddable":true,"href":"https:\/\/www.sztigerwong.com\/de\/wp-json\/wp\/v2\/product_cat?post=4279"},{"taxonomy":"product_tag","embeddable":true,"href":"https:\/\/www.sztigerwong.com\/de\/wp-json\/wp\/v2\/product_tag?post=4279"}],"curies":[{"name":"WP","href":"https:\/\/api.w.org\/{rel}","templated":true}]}}