{"id":4056,"date":"2025-07-28T11:53:17","date_gmt":"2025-07-28T03:53:17","guid":{"rendered":"https:\/\/www.sztigerwong.com\/?post_type=product&#038;p=4056"},"modified":"2025-07-28T11:53:17","modified_gmt":"2025-07-28T03:53:17","slug":"wing-wings-turnstile-gate-tgw-wt001-2","status":"publish","type":"product","link":"https:\/\/www.sztigerwong.com\/de\/product\/wing-wings-turnstile-gate-tgw-wt001-2\/","title":{"rendered":"In Zukunft werden wir weiterhin das Team ausbauen, unsere St\u00e4rke b\u00fcndeln, Technologie innovieren und die Entwicklung der Branche f\u00f6rdern. Wir werden bequemere und effizientere intelligente Parkl\u00f6sungen verwenden, um st\u00e4dtischen Raum freizusetzen, das Parkproblem zu l\u00f6sen und das st\u00e4dtische Leben zu verbessern."},"content":{"rendered":"","protected":false},"excerpt":{"rendered":"<p>TigerWong bietet komplette OEM-Dienstleistungen f\u00fcr Parksysteme, einschlie\u00dflich Produktanpassung, Softwareentwicklung und Systemintegrationsl\u00f6sungen von Drittanbietern.<\/p>","protected":false},"featured_media":4060,"comment_status":"open","ping_status":"closed","template":"","meta":[],"product_brand":[],"product_cat":[48,19],"product_tag":[],"class_list":{"0":"post-4056","1":"product","2":"type-product","3":"status-publish","4":"has-post-thumbnail","6":"product_cat-flap-wings-turnstile-gate","7":"product_cat-turnstile-gate","9":"first","10":"instock","11":"shipping-taxable","12":"product-type-simple"},"_links":{"self":[{"href":"https:\/\/www.sztigerwong.com\/de\/wp-json\/wp\/v2\/product\/4056","targetHints":{"allow":["GET"]}}],"collection":[{"href":"https:\/\/www.sztigerwong.com\/de\/wp-json\/wp\/v2\/product"}],"about":[{"href":"https:\/\/www.sztigerwong.com\/de\/wp-json\/wp\/v2\/types\/product"}],"replies":[{"embeddable":true,"href":"https:\/\/www.sztigerwong.com\/de\/wp-json\/wp\/v2\/comments?post=4056"}],"wp:featuredmedia":[{"embeddable":true,"href":"https:\/\/www.sztigerwong.com\/de\/wp-json\/wp\/v2\/media\/4060"}],"wp:attachment":[{"href":"https:\/\/www.sztigerwong.com\/de\/wp-json\/wp\/v2\/media?parent=4056"}],"wp:term":[{"taxonomy":"product_brand","embeddable":true,"href":"https:\/\/www.sztigerwong.com\/de\/wp-json\/wp\/v2\/product_brand?post=4056"},{"taxonomy":"product_cat","embeddable":true,"href":"https:\/\/www.sztigerwong.com\/de\/wp-json\/wp\/v2\/product_cat?post=4056"},{"taxonomy":"product_tag","embeddable":true,"href":"https:\/\/www.sztigerwong.com\/de\/wp-json\/wp\/v2\/product_tag?post=4056"}],"curies":[{"name":"WP","href":"https:\/\/api.w.org\/{rel}","templated":true}]}}