{"id":3884,"date":"2025-07-10T17:48:21","date_gmt":"2025-07-10T09:48:21","guid":{"rendered":"https:\/\/www.sztigerwong.com\/?post_type=product&#038;p=3884"},"modified":"2025-07-23T13:38:25","modified_gmt":"2025-07-23T05:38:25","slug":"tripod-turnstile-gate-tgw-tt002-2-2-2-2-2-2","status":"publish","type":"product","link":"https:\/\/www.sztigerwong.com\/de\/product\/tripod-turnstile-gate-tgw-tt002-2-2-2-2-2-2\/","title":{"rendered":"TGW-TT009"},"content":{"rendered":"","protected":false},"excerpt":{"rendered":"<p>TGW-TT008 ist ein Kanalmanagementger\u00e4t, das sowohl \u00e4sthetisch als auch praktisch ist. Es verabschiedet ein optimiertes Bogensteigungsdesign mit stilvollem Aussehen und einer stabilen Struktur. Es ist geeignet f\u00fcr High-End-Orte wie Einkaufszentren, B\u00fcrogeb\u00e4ude, malerische Orte, U-Bahnstationen usw., die die gesamte Umgebung verbessern k\u00f6nnen und gleichzeitig eine sichere Durchfahrt gew\u00e4hrleisten.<\/p>","protected":false},"featured_media":3985,"comment_status":"closed","ping_status":"closed","template":"","meta":[],"product_brand":[],"product_cat":[54,19],"product_tag":[],"class_list":{"0":"post-3884","1":"product","2":"type-product","3":"status-publish","4":"has-post-thumbnail","6":"product_cat-tripod-turnstile-gate","7":"product_cat-turnstile-gate","9":"first","10":"instock","11":"shipping-taxable","12":"product-type-simple"},"_links":{"self":[{"href":"https:\/\/www.sztigerwong.com\/de\/wp-json\/wp\/v2\/product\/3884","targetHints":{"allow":["GET"]}}],"collection":[{"href":"https:\/\/www.sztigerwong.com\/de\/wp-json\/wp\/v2\/product"}],"about":[{"href":"https:\/\/www.sztigerwong.com\/de\/wp-json\/wp\/v2\/types\/product"}],"replies":[{"embeddable":true,"href":"https:\/\/www.sztigerwong.com\/de\/wp-json\/wp\/v2\/comments?post=3884"}],"wp:featuredmedia":[{"embeddable":true,"href":"https:\/\/www.sztigerwong.com\/de\/wp-json\/wp\/v2\/media\/3985"}],"wp:attachment":[{"href":"https:\/\/www.sztigerwong.com\/de\/wp-json\/wp\/v2\/media?parent=3884"}],"wp:term":[{"taxonomy":"product_brand","embeddable":true,"href":"https:\/\/www.sztigerwong.com\/de\/wp-json\/wp\/v2\/product_brand?post=3884"},{"taxonomy":"product_cat","embeddable":true,"href":"https:\/\/www.sztigerwong.com\/de\/wp-json\/wp\/v2\/product_cat?post=3884"},{"taxonomy":"product_tag","embeddable":true,"href":"https:\/\/www.sztigerwong.com\/de\/wp-json\/wp\/v2\/product_tag?post=3884"}],"curies":[{"name":"WP","href":"https:\/\/api.w.org\/{rel}","templated":true}]}}