{"id":3879,"date":"2025-07-10T16:40:54","date_gmt":"2025-07-10T08:40:54","guid":{"rendered":"https:\/\/www.sztigerwong.com\/?post_type=product&#038;p=3879"},"modified":"2025-07-24T14:54:06","modified_gmt":"2025-07-24T06:54:06","slug":"tripod-turnstile-gate-tgw-tt002-2-2-2-2-2","status":"publish","type":"product","link":"https:\/\/www.sztigerwong.com\/de\/product\/tripod-turnstile-gate-tgw-tt002-2-2-2-2-2\/","title":{"rendered":"11. Wie verbinden Sie die Haupt- und andere zusammen?  (Schaukeln)"},"content":{"rendered":"","protected":false},"excerpt":{"rendered":"<p>TGW-TT007 ist ein kompaktes, stabiles und zuverl\u00e4ssiges Kanalmanagementger\u00e4t mit einem Doppels\u00e4ulendesign, das hohe Festigkeit, hohe Sicherheit und intelligente Steuerung bietet. Es eignet sich f\u00fcr Orte, die eine effiziente Personalkontrolle erfordern, wie U-Bahnen, Flugh\u00e4fen, B\u00fcrogeb\u00e4ude, Fabriken, Campussen usw., um ein- oder zweiweitiges Verkehrsmanagement genau zu erreichen und das Sicherheitsniveau effektiv zu verbessern.<\/p>","protected":false},"featured_media":3997,"comment_status":"closed","ping_status":"closed","template":"","meta":[],"product_brand":[],"product_cat":[54,19],"product_tag":[],"class_list":{"0":"post-3879","1":"product","2":"type-product","3":"status-publish","4":"has-post-thumbnail","6":"product_cat-tripod-turnstile-gate","7":"product_cat-turnstile-gate","9":"first","10":"instock","11":"shipping-taxable","12":"product-type-simple"},"_links":{"self":[{"href":"https:\/\/www.sztigerwong.com\/de\/wp-json\/wp\/v2\/product\/3879","targetHints":{"allow":["GET"]}}],"collection":[{"href":"https:\/\/www.sztigerwong.com\/de\/wp-json\/wp\/v2\/product"}],"about":[{"href":"https:\/\/www.sztigerwong.com\/de\/wp-json\/wp\/v2\/types\/product"}],"replies":[{"embeddable":true,"href":"https:\/\/www.sztigerwong.com\/de\/wp-json\/wp\/v2\/comments?post=3879"}],"wp:featuredmedia":[{"embeddable":true,"href":"https:\/\/www.sztigerwong.com\/de\/wp-json\/wp\/v2\/media\/3997"}],"wp:attachment":[{"href":"https:\/\/www.sztigerwong.com\/de\/wp-json\/wp\/v2\/media?parent=3879"}],"wp:term":[{"taxonomy":"product_brand","embeddable":true,"href":"https:\/\/www.sztigerwong.com\/de\/wp-json\/wp\/v2\/product_brand?post=3879"},{"taxonomy":"product_cat","embeddable":true,"href":"https:\/\/www.sztigerwong.com\/de\/wp-json\/wp\/v2\/product_cat?post=3879"},{"taxonomy":"product_tag","embeddable":true,"href":"https:\/\/www.sztigerwong.com\/de\/wp-json\/wp\/v2\/product_tag?post=3879"}],"curies":[{"name":"WP","href":"https:\/\/api.w.org\/{rel}","templated":true}]}}