{"id":3870,"date":"2025-07-10T13:48:26","date_gmt":"2025-07-10T05:48:26","guid":{"rendered":"https:\/\/www.sztigerwong.com\/?post_type=product&#038;p=3870"},"modified":"2025-07-23T13:35:03","modified_gmt":"2025-07-23T05:35:03","slug":"tripod-turnstile-gate-tgw-tt002-2-2-2-2","status":"publish","type":"product","link":"https:\/\/www.sztigerwong.com\/de\/product\/tripod-turnstile-gate-tgw-tt002-2-2-2-2\/","title":{"rendered":"Der LST010-4"},"content":{"rendered":"","protected":false},"excerpt":{"rendered":"<p>TGW-TT006 verwendet eine Box aus Edelstahl 304 mit einer robusten und langlebigen Struktur. Es unterst\u00fctzt mehrere Verifizierungsmethoden wie IC-Karte, ID-Karte, QR-Code usw. Es kann auf einen oder zwei-Wege-Durchgangsmodus eingestellt werden. Wenn der Strom ausgeschaltet ist, k\u00f6nnen die drei Rollen manuell gedreht werden, um den Durchgangsbedarf in Notsituationen sicherzustellen. Es eignet sich f\u00fcr U-Bahnstationen, Fabriken, B\u00fcrogeb\u00e4ude und andere Orte.<\/p>","protected":false},"featured_media":3976,"comment_status":"closed","ping_status":"closed","template":"","meta":[],"product_brand":[],"product_cat":[54,19],"product_tag":[],"class_list":{"0":"post-3870","1":"product","2":"type-product","3":"status-publish","4":"has-post-thumbnail","6":"product_cat-tripod-turnstile-gate","7":"product_cat-turnstile-gate","9":"first","10":"instock","11":"shipping-taxable","12":"product-type-simple"},"_links":{"self":[{"href":"https:\/\/www.sztigerwong.com\/de\/wp-json\/wp\/v2\/product\/3870","targetHints":{"allow":["GET"]}}],"collection":[{"href":"https:\/\/www.sztigerwong.com\/de\/wp-json\/wp\/v2\/product"}],"about":[{"href":"https:\/\/www.sztigerwong.com\/de\/wp-json\/wp\/v2\/types\/product"}],"replies":[{"embeddable":true,"href":"https:\/\/www.sztigerwong.com\/de\/wp-json\/wp\/v2\/comments?post=3870"}],"wp:featuredmedia":[{"embeddable":true,"href":"https:\/\/www.sztigerwong.com\/de\/wp-json\/wp\/v2\/media\/3976"}],"wp:attachment":[{"href":"https:\/\/www.sztigerwong.com\/de\/wp-json\/wp\/v2\/media?parent=3870"}],"wp:term":[{"taxonomy":"product_brand","embeddable":true,"href":"https:\/\/www.sztigerwong.com\/de\/wp-json\/wp\/v2\/product_brand?post=3870"},{"taxonomy":"product_cat","embeddable":true,"href":"https:\/\/www.sztigerwong.com\/de\/wp-json\/wp\/v2\/product_cat?post=3870"},{"taxonomy":"product_tag","embeddable":true,"href":"https:\/\/www.sztigerwong.com\/de\/wp-json\/wp\/v2\/product_tag?post=3870"}],"curies":[{"name":"WP","href":"https:\/\/api.w.org\/{rel}","templated":true}]}}