{"id":3831,"date":"2025-07-08T11:23:01","date_gmt":"2025-07-08T03:23:01","guid":{"rendered":"https:\/\/www.sztigerwong.com\/?post_type=product&#038;p=3831"},"modified":"2025-07-23T15:30:31","modified_gmt":"2025-07-23T07:30:31","slug":"tripod-turnstile-gate-tgw-tt002-2","status":"publish","type":"product","link":"https:\/\/www.sztigerwong.com\/de\/product\/tripod-turnstile-gate-tgw-tt002-2\/","title":{"rendered":"Stativ Drehscheibentor &#8211; TGW-TT003"},"content":{"rendered":"","protected":false},"excerpt":{"rendered":"<p>TGW-TT003 ist ein intelligenter Drei-Rollen-Drehkreuz f\u00fcr Ticket-Management-Szenarien wie malerische Pl\u00e4tze, Theater und Stationen entwickelt. Es integriert die Ticketverifizierung, die Massenz\u00e4hlung und die Identifizierung gegen F\u00e4lschungen, um eine nahtlose Verbindung zwischen dem Ticketing-System und der Kanalkontrolle zu erreichen und effektiv Management-Schlupfl\u00f6cher wie Eindringen ohne Ticket und mehrfache Verwendungen eines Tickets zu beseitigen.<\/p>","protected":false},"featured_media":4015,"comment_status":"closed","ping_status":"closed","template":"","meta":[],"product_brand":[],"product_cat":[54,19],"product_tag":[],"class_list":{"0":"post-3831","1":"product","2":"type-product","3":"status-publish","4":"has-post-thumbnail","6":"product_cat-tripod-turnstile-gate","7":"product_cat-turnstile-gate","9":"first","10":"instock","11":"shipping-taxable","12":"product-type-simple"},"_links":{"self":[{"href":"https:\/\/www.sztigerwong.com\/de\/wp-json\/wp\/v2\/product\/3831","targetHints":{"allow":["GET"]}}],"collection":[{"href":"https:\/\/www.sztigerwong.com\/de\/wp-json\/wp\/v2\/product"}],"about":[{"href":"https:\/\/www.sztigerwong.com\/de\/wp-json\/wp\/v2\/types\/product"}],"replies":[{"embeddable":true,"href":"https:\/\/www.sztigerwong.com\/de\/wp-json\/wp\/v2\/comments?post=3831"}],"wp:featuredmedia":[{"embeddable":true,"href":"https:\/\/www.sztigerwong.com\/de\/wp-json\/wp\/v2\/media\/4015"}],"wp:attachment":[{"href":"https:\/\/www.sztigerwong.com\/de\/wp-json\/wp\/v2\/media?parent=3831"}],"wp:term":[{"taxonomy":"product_brand","embeddable":true,"href":"https:\/\/www.sztigerwong.com\/de\/wp-json\/wp\/v2\/product_brand?post=3831"},{"taxonomy":"product_cat","embeddable":true,"href":"https:\/\/www.sztigerwong.com\/de\/wp-json\/wp\/v2\/product_cat?post=3831"},{"taxonomy":"product_tag","embeddable":true,"href":"https:\/\/www.sztigerwong.com\/de\/wp-json\/wp\/v2\/product_tag?post=3831"}],"curies":[{"name":"WP","href":"https:\/\/api.w.org\/{rel}","templated":true}]}}