{"id":3594,"date":"2025-06-03T09:55:12","date_gmt":"2025-06-03T01:55:12","guid":{"rendered":"https:\/\/www.sztigerwong.com\/?post_type=product&#038;p=3594"},"modified":"2025-07-28T11:20:37","modified_gmt":"2025-07-28T03:20:37","slug":"wing-wings-turnstile-gate-tgw-wt001","status":"publish","type":"product","link":"https:\/\/www.sztigerwong.com\/de\/product\/wing-wings-turnstile-gate-tgw-wt001\/","title":{"rendered":"Vorverkaufsservice - Online-Video"},"content":{"rendered":"","protected":false},"excerpt":{"rendered":"<p>TGW-WT001 nimmt ein doppelfl\u00fcgeliches \u00d6ffnungs- und Schlie\u00dfdesign an, das hohe Verkehrseffizienz, starke Sicherheit und \u00c4sthetik hat. Es unterst\u00fctzt mehrere Identit\u00e4ts-Authentifizierungsmethoden, wie Karten-Wischen, Gesichtserkennung, QR-Code usw., um den Bedarf an intelligentem Management verschiedener Szenarien gerecht zu werden. Es wird weit verbreitet in U-Bahnen, Hochgeschwindigkeitsbahnen, Flugh\u00e4fen, B\u00fcrogeb\u00e4uden, malerischen Orten, Veranstaltungsorten und anderen Orten, die eine effiziente Personalkontrolle erfordern.<\/p>","protected":false},"featured_media":4050,"comment_status":"open","ping_status":"closed","template":"","meta":[],"product_brand":[],"product_cat":[48,19],"product_tag":[],"class_list":{"0":"post-3594","1":"product","2":"type-product","3":"status-publish","4":"has-post-thumbnail","6":"product_cat-flap-wings-turnstile-gate","7":"product_cat-turnstile-gate","9":"first","10":"instock","11":"shipping-taxable","12":"product-type-simple"},"_links":{"self":[{"href":"https:\/\/www.sztigerwong.com\/de\/wp-json\/wp\/v2\/product\/3594","targetHints":{"allow":["GET"]}}],"collection":[{"href":"https:\/\/www.sztigerwong.com\/de\/wp-json\/wp\/v2\/product"}],"about":[{"href":"https:\/\/www.sztigerwong.com\/de\/wp-json\/wp\/v2\/types\/product"}],"replies":[{"embeddable":true,"href":"https:\/\/www.sztigerwong.com\/de\/wp-json\/wp\/v2\/comments?post=3594"}],"wp:featuredmedia":[{"embeddable":true,"href":"https:\/\/www.sztigerwong.com\/de\/wp-json\/wp\/v2\/media\/4050"}],"wp:attachment":[{"href":"https:\/\/www.sztigerwong.com\/de\/wp-json\/wp\/v2\/media?parent=3594"}],"wp:term":[{"taxonomy":"product_brand","embeddable":true,"href":"https:\/\/www.sztigerwong.com\/de\/wp-json\/wp\/v2\/product_brand?post=3594"},{"taxonomy":"product_cat","embeddable":true,"href":"https:\/\/www.sztigerwong.com\/de\/wp-json\/wp\/v2\/product_cat?post=3594"},{"taxonomy":"product_tag","embeddable":true,"href":"https:\/\/www.sztigerwong.com\/de\/wp-json\/wp\/v2\/product_tag?post=3594"}],"curies":[{"name":"WP","href":"https:\/\/api.w.org\/{rel}","templated":true}]}}