{"id":3583,"date":"2025-05-30T19:27:43","date_gmt":"2025-05-30T11:27:43","guid":{"rendered":"https:\/\/www.sztigerwong.com\/?post_type=product&#038;p=3583"},"modified":"2025-10-31T10:02:34","modified_gmt":"2025-10-31T02:02:34","slug":"drop-arm-gate-tgw-da011","status":"publish","type":"product","link":"https:\/\/www.sztigerwong.com\/de\/product\/drop-arm-gate-tgw-da011\/","title":{"rendered":"Das TGW-VS01 RFID Card Parking System bietet erstklassige Haltbarkeit und nahtlose Integration. Aus Eisen mit wasserdichter Konstruktion gefertigt, ist es einfach zu installieren und passt zu Parkpl\u00e4tzen, Gemeindetoren. Es passt perfekt zu unserer Kennzeichenerkennung und Barrierentoren, rationalisiert das Management, verbessert die Sicherheit und steigert die Effizienz."},"content":{"rendered":"","protected":false},"excerpt":{"rendered":"<p>Der TGW-FH001D verf\u00fcgt \u00fcber eine dreidimensionale Barrierekonstruktion mit einer H\u00f6he von mehr als 2 Metern, die eine un\u00fcberwindliche physikalische Barriere bildet. Durch das abwechselnde \u00d6ffnen und Schlie\u00dfen zweier S\u00e4tze von Dreht\u00fcrfl\u00fcgeln erreicht es einen absoluten Einzelpersonenpassage und einen kontrollierten Zweiwegstrom, der das h\u00f6chste Ma\u00df an Sicherheit f\u00fcr Kernbereiche bietet. Es ist eine ideale Wahl f\u00fcr extrem sichere Orte wie Flugh\u00e4fen, Gef\u00e4ngnisse und Kraftwerke.<\/p>","protected":false},"featured_media":3591,"comment_status":"closed","ping_status":"closed","template":"","meta":[],"product_brand":[],"product_cat":[47,19],"product_tag":[],"class_list":{"0":"post-3583","1":"product","2":"type-product","3":"status-publish","4":"has-post-thumbnail","6":"product_cat-drop-arm-gate","7":"product_cat-turnstile-gate","9":"first","10":"instock","11":"shipping-taxable","12":"product-type-simple"},"_links":{"self":[{"href":"https:\/\/www.sztigerwong.com\/de\/wp-json\/wp\/v2\/product\/3583","targetHints":{"allow":["GET"]}}],"collection":[{"href":"https:\/\/www.sztigerwong.com\/de\/wp-json\/wp\/v2\/product"}],"about":[{"href":"https:\/\/www.sztigerwong.com\/de\/wp-json\/wp\/v2\/types\/product"}],"replies":[{"embeddable":true,"href":"https:\/\/www.sztigerwong.com\/de\/wp-json\/wp\/v2\/comments?post=3583"}],"wp:featuredmedia":[{"embeddable":true,"href":"https:\/\/www.sztigerwong.com\/de\/wp-json\/wp\/v2\/media\/3591"}],"wp:attachment":[{"href":"https:\/\/www.sztigerwong.com\/de\/wp-json\/wp\/v2\/media?parent=3583"}],"wp:term":[{"taxonomy":"product_brand","embeddable":true,"href":"https:\/\/www.sztigerwong.com\/de\/wp-json\/wp\/v2\/product_brand?post=3583"},{"taxonomy":"product_cat","embeddable":true,"href":"https:\/\/www.sztigerwong.com\/de\/wp-json\/wp\/v2\/product_cat?post=3583"},{"taxonomy":"product_tag","embeddable":true,"href":"https:\/\/www.sztigerwong.com\/de\/wp-json\/wp\/v2\/product_tag?post=3583"}],"curies":[{"name":"WP","href":"https:\/\/api.w.org\/{rel}","templated":true}]}}