{"id":3434,"date":"2025-05-30T15:34:15","date_gmt":"2025-05-30T07:34:15","guid":{"rendered":"https:\/\/www.sztigerwong.com\/?post_type=product&#038;p=3434"},"modified":"2025-06-05T15:34:45","modified_gmt":"2025-06-05T07:34:45","slug":"barrier-boom-park-401ds","status":"publish","type":"product","link":"https:\/\/www.sztigerwong.com\/de\/product\/barrier-boom-park-401ds\/","title":{"rendered":"Klappe Drehscheibe Tor, Fl\u00fcgel Barriere, Zugangskontrolle | TigerWong"},"content":{"rendered":"","protected":false},"excerpt":{"rendered":"<p>Parkbarriere Boom, Tor Automatisierung, Parktor Systeme | TigerWong<strong><b>\u00a0<\/b><\/strong>TigerWong&#039; s Klappe Fl\u00fcgel Drehscheibe Tore (TGW-WT001\/WT002) bieten sichere Fu\u00dfg\u00e4ngersteuerung mit dauerhaften Fl\u00fcgel Barrieren f\u00fcr hohen Verkehr Bereiche.<\/p>","protected":false},"featured_media":3439,"comment_status":"open","ping_status":"closed","template":"","meta":[],"product_brand":[],"product_cat":[41,15],"product_tag":[],"class_list":{"0":"post-3434","1":"product","2":"type-product","3":"status-publish","4":"has-post-thumbnail","6":"product_cat-barrier-boom","7":"product_cat-parking-management-system","9":"first","10":"instock","11":"shipping-taxable","12":"product-type-simple"},"_links":{"self":[{"href":"https:\/\/www.sztigerwong.com\/de\/wp-json\/wp\/v2\/product\/3434","targetHints":{"allow":["GET"]}}],"collection":[{"href":"https:\/\/www.sztigerwong.com\/de\/wp-json\/wp\/v2\/product"}],"about":[{"href":"https:\/\/www.sztigerwong.com\/de\/wp-json\/wp\/v2\/types\/product"}],"replies":[{"embeddable":true,"href":"https:\/\/www.sztigerwong.com\/de\/wp-json\/wp\/v2\/comments?post=3434"}],"wp:featuredmedia":[{"embeddable":true,"href":"https:\/\/www.sztigerwong.com\/de\/wp-json\/wp\/v2\/media\/3439"}],"wp:attachment":[{"href":"https:\/\/www.sztigerwong.com\/de\/wp-json\/wp\/v2\/media?parent=3434"}],"wp:term":[{"taxonomy":"product_brand","embeddable":true,"href":"https:\/\/www.sztigerwong.com\/de\/wp-json\/wp\/v2\/product_brand?post=3434"},{"taxonomy":"product_cat","embeddable":true,"href":"https:\/\/www.sztigerwong.com\/de\/wp-json\/wp\/v2\/product_cat?post=3434"},{"taxonomy":"product_tag","embeddable":true,"href":"https:\/\/www.sztigerwong.com\/de\/wp-json\/wp\/v2\/product_tag?post=3434"}],"curies":[{"name":"WP","href":"https:\/\/api.w.org\/{rel}","templated":true}]}}