{"id":3378,"date":"2025-05-30T13:56:31","date_gmt":"2025-05-30T05:56:31","guid":{"rendered":"https:\/\/www.sztigerwong.com\/?post_type=product&#038;p=3378"},"modified":"2025-06-05T14:45:23","modified_gmt":"2025-06-05T06:45:23","slug":"automatic-number-plate-recognition-system-hardware-parkingcamera-tgw-lra3","status":"publish","type":"product","link":"https:\/\/www.sztigerwong.com\/de\/product\/automatic-number-plate-recognition-system-hardware-parkingcamera-tgw-lra3\/","title":{"rendered":"TT005-1"},"content":{"rendered":"","protected":false},"excerpt":{"rendered":"<p>TigerWong Stativ Drehkreuz TT007 Anwendung f\u00fcr Szenarien wie U-Bahn, B\u00fcrogeb\u00e4ude etc.,<\/p>","protected":false},"featured_media":3387,"comment_status":"open","ping_status":"closed","template":"","meta":[],"product_brand":[],"product_cat":[40,15],"product_tag":[],"class_list":{"0":"post-3378","1":"product","2":"type-product","3":"status-publish","4":"has-post-thumbnail","6":"product_cat-anpr-alpr-parking-system","7":"product_cat-parking-management-system","9":"first","10":"instock","11":"shipping-taxable","12":"product-type-simple"},"_links":{"self":[{"href":"https:\/\/www.sztigerwong.com\/de\/wp-json\/wp\/v2\/product\/3378","targetHints":{"allow":["GET"]}}],"collection":[{"href":"https:\/\/www.sztigerwong.com\/de\/wp-json\/wp\/v2\/product"}],"about":[{"href":"https:\/\/www.sztigerwong.com\/de\/wp-json\/wp\/v2\/types\/product"}],"replies":[{"embeddable":true,"href":"https:\/\/www.sztigerwong.com\/de\/wp-json\/wp\/v2\/comments?post=3378"}],"wp:featuredmedia":[{"embeddable":true,"href":"https:\/\/www.sztigerwong.com\/de\/wp-json\/wp\/v2\/media\/3387"}],"wp:attachment":[{"href":"https:\/\/www.sztigerwong.com\/de\/wp-json\/wp\/v2\/media?parent=3378"}],"wp:term":[{"taxonomy":"product_brand","embeddable":true,"href":"https:\/\/www.sztigerwong.com\/de\/wp-json\/wp\/v2\/product_brand?post=3378"},{"taxonomy":"product_cat","embeddable":true,"href":"https:\/\/www.sztigerwong.com\/de\/wp-json\/wp\/v2\/product_cat?post=3378"},{"taxonomy":"product_tag","embeddable":true,"href":"https:\/\/www.sztigerwong.com\/de\/wp-json\/wp\/v2\/product_tag?post=3378"}],"curies":[{"name":"WP","href":"https:\/\/api.w.org\/{rel}","templated":true}]}}